{"id":3658,"date":"2025-01-30T01:12:38","date_gmt":"2025-01-30T01:12:38","guid":{"rendered":"https:\/\/fisioparalamujer.com\/?post_type=product&#038;p=3658"},"modified":"2025-01-30T01:13:30","modified_gmt":"2025-01-30T01:13:30","slug":"mujeres-movidas-plan-trimestral","status":"publish","type":"product","link":"https:\/\/fisioparalamujer.com\/en\/product\/mujeres-movidas-plan-trimestral\/","title":{"rendered":"Mujeres MoVidas (Plan trimestral)"},"content":{"rendered":"<div class=\"elementor-element elementor-element-1dd0294 elementor-widget elementor-widget-heading\" data-id=\"1dd0294\" data-element_type=\"widget\" data-widget_type=\"heading.default\">\n<div class=\"elementor-widget-container\">\n<p class=\"elementor-heading-title elementor-size-default\"><strong>\u00bfEst\u00e1s lista para dar un giro a tu bienestar?<\/strong><br \/>\nEn <strong>Mujeres MoVidas<\/strong> creemos que el ejercicio no es solo una rutina, es una forma de transformar tu vida. Este espacio est\u00e1 dise\u00f1ado <strong>exclusivamente para mujeres<\/strong> que buscan un entrenamiento integral que fortalezca cuerpo y mente, teniendo especial atenci\u00f3n en CORE y PISO P\u00c9LVICO.<\/p>\n<p><strong>\u00bfQu\u00e9 encontrar\u00e1s en este taller?<\/strong><br \/>\nCada mes, te invito a disfrutar de 4 sesiones de una hora c\/u de <strong>ejercicio integral<\/strong> que combina:<\/p>\n<ul>\n<li><strong>Pilates<\/strong> para tonificar y flexibilizar tu cuerpo.<\/li>\n<li><strong>Ejercicios para el Piso P\u00e9lvico<\/strong> que mejoran tu salud y bienestar \u00edntimo.<\/li>\n<li><strong>Hipopresivos<\/strong> para fortalecer tu core y mejorar la postura.<\/li>\n<li><strong>Trabajo de fuerza<\/strong> para que te sientas m\u00e1s fuerte y empoderada en tu d\u00eda a d\u00eda.<\/li>\n<\/ul>\n<p>Tendr\u00e1s:<\/p>\n<ul>\n<li>\u2705 <strong>Acceso a la grabaci\u00f3n de las clases.<\/strong><br \/>\n\u2705 4 clases al mes en vivo.<br \/>\n\u2705 Descuentos exclusivos.<br \/>\n\u2705 Acceso completo al curso pregrabado <strong>Armon\u00eda Muscular<\/strong>, valorado en <strong>$29 USD<\/strong> (propiocepci\u00f3n en tronco 5p).<\/li>\n<\/ul>\n<\/div>\n<\/div>","protected":false},"excerpt":{"rendered":"<p>Entrena a tu ritmo con 4 clases en vivo al mes, grabaciones disponibles, descuentos exclusivos y acceso completo al curso pregrabado &#8220;Armon\u00eda Muscular&#8221; (valorado en $29 USD). Todo por solo $9 USD\/mes o $25 USD por 3 meses. \ud83c\udf38\ud83d\udcaa<\/p>","protected":false},"featured_media":1295,"comment_status":"open","ping_status":"closed","template":"","meta":[],"product_cat":[46],"product_tag":[],"class_list":{"0":"post-3658","1":"product","2":"type-product","3":"status-publish","4":"has-post-thumbnail","6":"product_cat-deporte","8":"first","9":"instock","10":"shipping-taxable","11":"purchasable","12":"product-type-simple"},"yoast_head":"<!-- This site is optimized with the Yoast SEO Premium plugin v18.5 (Yoast SEO v23.6) - https:\/\/yoast.com\/wordpress\/plugins\/seo\/ -->\n<title>Mujeres MoVidas (Plan trimestral) - Fisioterapia para la mujer<\/title>\n<meta name=\"robots\" content=\"index, follow, max-snippet:-1, max-image-preview:large, max-video-preview:-1\" \/>\n<link rel=\"canonical\" href=\"https:\/\/fisioparalamujer.com\/en\/product\/mujeres-movidas-plan-trimestral\/\" \/>\n<meta property=\"og:locale\" content=\"en_US\" \/>\n<meta property=\"og:type\" content=\"article\" \/>\n<meta property=\"og:title\" content=\"Mujeres MoVidas (Plan trimestral)\" \/>\n<meta property=\"og:description\" content=\"Entrena a tu ritmo con 4 clases en vivo al mes, grabaciones disponibles, descuentos exclusivos y acceso completo al curso pregrabado &quot;Armon\u00eda Muscular&quot; (valorado en $29 USD). Todo por solo $9 USD\/mes o $25 USD por 3 meses. \ud83c\udf38\ud83d\udcaa\" \/>\n<meta property=\"og:url\" content=\"https:\/\/fisioparalamujer.com\/en\/product\/mujeres-movidas-plan-trimestral\/\" \/>\n<meta property=\"og:site_name\" content=\"Fisioterapia para la mujer\" \/>\n<meta property=\"article:modified_time\" content=\"2025-01-30T01:13:30+00:00\" \/>\n<meta property=\"og:image\" content=\"https:\/\/fisioparalamujer.com\/wp-content\/uploads\/2022\/03\/2-e1646710277380.jpg\" \/>\n\t<meta property=\"og:image:width\" content=\"276\" \/>\n\t<meta property=\"og:image:height\" content=\"400\" \/>\n\t<meta property=\"og:image:type\" content=\"image\/jpeg\" \/>\n<meta name=\"twitter:card\" content=\"summary_large_image\" \/>\n<meta name=\"twitter:label1\" content=\"Est. reading time\" \/>\n\t<meta name=\"twitter:data1\" content=\"1 minute\" \/>\n<script type=\"application\/ld+json\" class=\"yoast-schema-graph\">{\"@context\":\"https:\/\/schema.org\",\"@graph\":[{\"@type\":\"WebPage\",\"@id\":\"https:\/\/fisioparalamujer.com\/producto\/mujeres-movidas-plan-trimestral\/\",\"url\":\"https:\/\/fisioparalamujer.com\/producto\/mujeres-movidas-plan-trimestral\/\",\"name\":\"Mujeres MoVidas (Plan trimestral) - Fisioterapia para la mujer\",\"isPartOf\":{\"@id\":\"https:\/\/fisioparalamujer.com\/#website\"},\"primaryImageOfPage\":{\"@id\":\"https:\/\/fisioparalamujer.com\/producto\/mujeres-movidas-plan-trimestral\/#primaryimage\"},\"image\":{\"@id\":\"https:\/\/fisioparalamujer.com\/producto\/mujeres-movidas-plan-trimestral\/#primaryimage\"},\"thumbnailUrl\":\"https:\/\/fisioparalamujer.com\/wp-content\/uploads\/2022\/03\/2-e1646710277380.jpg\",\"datePublished\":\"2025-01-30T01:12:38+00:00\",\"dateModified\":\"2025-01-30T01:13:30+00:00\",\"breadcrumb\":{\"@id\":\"https:\/\/fisioparalamujer.com\/producto\/mujeres-movidas-plan-trimestral\/#breadcrumb\"},\"inLanguage\":\"en-US\",\"potentialAction\":[{\"@type\":\"ReadAction\",\"target\":[\"https:\/\/fisioparalamujer.com\/producto\/mujeres-movidas-plan-trimestral\/\"]}]},{\"@type\":\"ImageObject\",\"inLanguage\":\"en-US\",\"@id\":\"https:\/\/fisioparalamujer.com\/producto\/mujeres-movidas-plan-trimestral\/#primaryimage\",\"url\":\"https:\/\/fisioparalamujer.com\/wp-content\/uploads\/2022\/03\/2-e1646710277380.jpg\",\"contentUrl\":\"https:\/\/fisioparalamujer.com\/wp-content\/uploads\/2022\/03\/2-e1646710277380.jpg\",\"width\":276,\"height\":400},{\"@type\":\"BreadcrumbList\",\"@id\":\"https:\/\/fisioparalamujer.com\/producto\/mujeres-movidas-plan-trimestral\/#breadcrumb\",\"itemListElement\":[{\"@type\":\"ListItem\",\"position\":1,\"name\":\"Portada\",\"item\":\"https:\/\/fisioparalamujer.com\/\"},{\"@type\":\"ListItem\",\"position\":2,\"name\":\"Tienda\",\"item\":\"https:\/\/fisioparalamujer.com\/tienda\/\"},{\"@type\":\"ListItem\",\"position\":3,\"name\":\"Mujeres MoVidas (Plan trimestral)\"}]},{\"@type\":\"WebSite\",\"@id\":\"https:\/\/fisioparalamujer.com\/#website\",\"url\":\"https:\/\/fisioparalamujer.com\/\",\"name\":\"Fisioterapia para la mujer\",\"description\":\"Fisioterapia para la mujer\",\"publisher\":{\"@id\":\"https:\/\/fisioparalamujer.com\/#organization\"},\"potentialAction\":[{\"@type\":\"SearchAction\",\"target\":{\"@type\":\"EntryPoint\",\"urlTemplate\":\"https:\/\/fisioparalamujer.com\/?s={search_term_string}\"},\"query-input\":{\"@type\":\"PropertyValueSpecification\",\"valueRequired\":true,\"valueName\":\"search_term_string\"}}],\"inLanguage\":\"en-US\"},{\"@type\":\"Organization\",\"@id\":\"https:\/\/fisioparalamujer.com\/#organization\",\"name\":\"Fisioterapia para la mujer\",\"url\":\"https:\/\/fisioparalamujer.com\/\",\"logo\":{\"@type\":\"ImageObject\",\"inLanguage\":\"en-US\",\"@id\":\"https:\/\/fisioparalamujer.com\/#\/schema\/logo\/image\/\",\"url\":\"https:\/\/fisioparalamujer.com\/wp-content\/uploads\/2021\/01\/pagina-web-pequeno.jpg\",\"contentUrl\":\"https:\/\/fisioparalamujer.com\/wp-content\/uploads\/2021\/01\/pagina-web-pequeno.jpg\",\"width\":350,\"height\":100,\"caption\":\"Fisioterapia para la mujer\"},\"image\":{\"@id\":\"https:\/\/fisioparalamujer.com\/#\/schema\/logo\/image\/\"}}]}<\/script>\n<!-- \/ Yoast SEO Premium plugin. -->","yoast_head_json":{"title":"Mujeres MoVidas (Plan trimestral) - Fisioterapia para la mujer","robots":{"index":"index","follow":"follow","max-snippet":"max-snippet:-1","max-image-preview":"max-image-preview:large","max-video-preview":"max-video-preview:-1"},"canonical":"https:\/\/fisioparalamujer.com\/en\/product\/mujeres-movidas-plan-trimestral\/","og_locale":"en_US","og_type":"article","og_title":"Mujeres MoVidas (Plan trimestral)","og_description":"Entrena a tu ritmo con 4 clases en vivo al mes, grabaciones disponibles, descuentos exclusivos y acceso completo al curso pregrabado \"Armon\u00eda Muscular\" (valorado en $29 USD). Todo por solo $9 USD\/mes o $25 USD por 3 meses. \ud83c\udf38\ud83d\udcaa","og_url":"https:\/\/fisioparalamujer.com\/en\/product\/mujeres-movidas-plan-trimestral\/","og_site_name":"Fisioterapia para la mujer","article_modified_time":"2025-01-30T01:13:30+00:00","og_image":[{"width":276,"height":400,"url":"https:\/\/fisioparalamujer.com\/wp-content\/uploads\/2022\/03\/2-e1646710277380.jpg","type":"image\/jpeg"}],"twitter_card":"summary_large_image","twitter_misc":{"Est. reading time":"1 minute"},"schema":{"@context":"https:\/\/schema.org","@graph":[{"@type":"WebPage","@id":"https:\/\/fisioparalamujer.com\/producto\/mujeres-movidas-plan-trimestral\/","url":"https:\/\/fisioparalamujer.com\/producto\/mujeres-movidas-plan-trimestral\/","name":"Mujeres MoVidas (Plan trimestral) - Fisioterapia para la mujer","isPartOf":{"@id":"https:\/\/fisioparalamujer.com\/#website"},"primaryImageOfPage":{"@id":"https:\/\/fisioparalamujer.com\/producto\/mujeres-movidas-plan-trimestral\/#primaryimage"},"image":{"@id":"https:\/\/fisioparalamujer.com\/producto\/mujeres-movidas-plan-trimestral\/#primaryimage"},"thumbnailUrl":"https:\/\/fisioparalamujer.com\/wp-content\/uploads\/2022\/03\/2-e1646710277380.jpg","datePublished":"2025-01-30T01:12:38+00:00","dateModified":"2025-01-30T01:13:30+00:00","breadcrumb":{"@id":"https:\/\/fisioparalamujer.com\/producto\/mujeres-movidas-plan-trimestral\/#breadcrumb"},"inLanguage":"en-US","potentialAction":[{"@type":"ReadAction","target":["https:\/\/fisioparalamujer.com\/producto\/mujeres-movidas-plan-trimestral\/"]}]},{"@type":"ImageObject","inLanguage":"en-US","@id":"https:\/\/fisioparalamujer.com\/producto\/mujeres-movidas-plan-trimestral\/#primaryimage","url":"https:\/\/fisioparalamujer.com\/wp-content\/uploads\/2022\/03\/2-e1646710277380.jpg","contentUrl":"https:\/\/fisioparalamujer.com\/wp-content\/uploads\/2022\/03\/2-e1646710277380.jpg","width":276,"height":400},{"@type":"BreadcrumbList","@id":"https:\/\/fisioparalamujer.com\/producto\/mujeres-movidas-plan-trimestral\/#breadcrumb","itemListElement":[{"@type":"ListItem","position":1,"name":"Portada","item":"https:\/\/fisioparalamujer.com\/"},{"@type":"ListItem","position":2,"name":"Tienda","item":"https:\/\/fisioparalamujer.com\/tienda\/"},{"@type":"ListItem","position":3,"name":"Mujeres MoVidas (Plan trimestral)"}]},{"@type":"WebSite","@id":"https:\/\/fisioparalamujer.com\/#website","url":"https:\/\/fisioparalamujer.com\/","name":"Fisioterapia para la mujer","description":"Fisioterapia para la mujer","publisher":{"@id":"https:\/\/fisioparalamujer.com\/#organization"},"potentialAction":[{"@type":"SearchAction","target":{"@type":"EntryPoint","urlTemplate":"https:\/\/fisioparalamujer.com\/?s={search_term_string}"},"query-input":{"@type":"PropertyValueSpecification","valueRequired":true,"valueName":"search_term_string"}}],"inLanguage":"en-US"},{"@type":"Organization","@id":"https:\/\/fisioparalamujer.com\/#organization","name":"Fisioterapia para la mujer","url":"https:\/\/fisioparalamujer.com\/","logo":{"@type":"ImageObject","inLanguage":"en-US","@id":"https:\/\/fisioparalamujer.com\/#\/schema\/logo\/image\/","url":"https:\/\/fisioparalamujer.com\/wp-content\/uploads\/2021\/01\/pagina-web-pequeno.jpg","contentUrl":"https:\/\/fisioparalamujer.com\/wp-content\/uploads\/2021\/01\/pagina-web-pequeno.jpg","width":350,"height":100,"caption":"Fisioterapia para la mujer"},"image":{"@id":"https:\/\/fisioparalamujer.com\/#\/schema\/logo\/image\/"}}]}},"_links":{"self":[{"href":"https:\/\/fisioparalamujer.com\/en\/wp-json\/wp\/v2\/product\/3658","targetHints":{"allow":["GET"]}}],"collection":[{"href":"https:\/\/fisioparalamujer.com\/en\/wp-json\/wp\/v2\/product"}],"about":[{"href":"https:\/\/fisioparalamujer.com\/en\/wp-json\/wp\/v2\/types\/product"}],"replies":[{"embeddable":true,"href":"https:\/\/fisioparalamujer.com\/en\/wp-json\/wp\/v2\/comments?post=3658"}],"wp:featuredmedia":[{"embeddable":true,"href":"https:\/\/fisioparalamujer.com\/en\/wp-json\/wp\/v2\/media\/1295"}],"wp:attachment":[{"href":"https:\/\/fisioparalamujer.com\/en\/wp-json\/wp\/v2\/media?parent=3658"}],"wp:term":[{"taxonomy":"product_cat","embeddable":true,"href":"https:\/\/fisioparalamujer.com\/en\/wp-json\/wp\/v2\/product_cat?post=3658"},{"taxonomy":"product_tag","embeddable":true,"href":"https:\/\/fisioparalamujer.com\/en\/wp-json\/wp\/v2\/product_tag?post=3658"}],"curies":[{"name":"wp","href":"https:\/\/api.w.org\/{rel}","templated":true}]}}