{"id":3542,"date":"2024-11-11T19:51:55","date_gmt":"2024-11-11T19:51:55","guid":{"rendered":"https:\/\/fisiofem.me\/?post_type=product&#038;p=3542"},"modified":"2024-11-11T20:09:04","modified_gmt":"2024-11-11T20:09:04","slug":"que-no-te-muevan-el-piso","status":"publish","type":"product","link":"https:\/\/fisioparalamujer.com\/en\/product\/que-no-te-muevan-el-piso\/","title":{"rendered":"Taller online  &#8220;Que no te muevan el piso&#8221;"},"content":{"rendered":"<div class=\"elementor-element elementor-element-1dd0294 elementor-widget elementor-widget-heading\" data-id=\"1dd0294\" data-element_type=\"widget\" data-widget_type=\"heading.default\">\n<div class=\"elementor-widget-container\">\n<p class=\"elementor-heading-title elementor-size-default\">Descubre c\u00f3mo fortalecer y proteger tu piso p\u00e9lvico desde la comodidad de tu casa.<br \/>\n\u00bfSab\u00edas que un piso p\u00e9lvico fuerte es esencial para tu bienestar en cada etapa de la vida? Con este taller pr\u00e1ctico, aprender\u00e1s a cuidar y entrenar esta \u00e1rea tan importante de tu cuerpo para sentirte segura, fuerte y en control.<\/p>\n<\/div>\n<\/div>","protected":false},"excerpt":{"rendered":"<ul>\n<li>\n<h3><strong>Detalles del Taller:<\/strong><\/h3>\n<ul>\n<li><strong>Modalidad<\/strong>: Online, en vivo<\/li>\n<li><strong>Fecha<\/strong>: S\u00e1bado 7 y domingo 8 de diciembre<\/li>\n<li><strong>Duraci\u00f3n<\/strong>: Dos sesiones completas (5 horas aprox. en Total)<\/li>\n<li><strong>Material<\/strong>: PDF de ejercicios y pr\u00e1cticas, acceso a la grabaci\u00f3n por 1 a\u00f1o<\/li>\n<\/ul>\n<\/li>\n<\/ul>\n<p><strong>Beneficios:<\/strong><\/p>\n<ul>\n<li>Aprende a contraer y relajar la musculatura del piso p\u00e9lvico.<\/li>\n<li>Aprende a llegar al entrenamiento de impacto de manera progresiva y segura.<\/li>\n<li>Aplica en cada esfuerzo de la vida diaria o entrenamiento.<\/li>\n<li>Mejora de tu vida sexual.<\/li>\n<\/ul>","protected":false},"featured_media":3032,"comment_status":"open","ping_status":"closed","template":"","meta":[],"product_cat":[52],"product_tag":[],"class_list":{"0":"post-3542","1":"product","2":"type-product","3":"status-publish","4":"has-post-thumbnail","6":"product_cat-taller","8":"first","9":"instock","10":"shipping-taxable","11":"purchasable","12":"product-type-simple"},"yoast_head":"<!-- This site is optimized with the Yoast SEO Premium plugin v18.5 (Yoast SEO v23.6) - https:\/\/yoast.com\/wordpress\/plugins\/seo\/ -->\n<title>Taller online &quot;Que no te muevan el piso&quot; - Fisioterapia para la mujer<\/title>\n<meta name=\"robots\" content=\"index, follow, max-snippet:-1, max-image-preview:large, max-video-preview:-1\" \/>\n<link rel=\"canonical\" href=\"https:\/\/fisioparalamujer.com\/en\/product\/que-no-te-muevan-el-piso\/\" \/>\n<meta property=\"og:locale\" content=\"en_US\" \/>\n<meta property=\"og:type\" content=\"article\" \/>\n<meta property=\"og:title\" content=\"Taller online &quot;Que no te muevan el piso&quot;\" \/>\n<meta property=\"og:description\" content=\"Detalles del Taller:   Modalidad: Online, en vivo  Fecha: S\u00e1bado 7 y domingo 8 de diciembre  Duraci\u00f3n: Dos sesiones completas (5 horas aprox. en Total)  Material: PDF de ejercicios y pr\u00e1cticas, acceso a la grabaci\u00f3n por 1 a\u00f1o    Beneficios:   Aprende a contraer y relajar la musculatura del piso p\u00e9lvico.  Aprende a llegar al entrenamiento de impacto de manera progresiva y segura.  Aplica en cada esfuerzo de la vida diaria o entrenamiento.  Mejora de tu vida sexual.\" \/>\n<meta property=\"og:url\" content=\"https:\/\/fisioparalamujer.com\/en\/product\/que-no-te-muevan-el-piso\/\" \/>\n<meta property=\"og:site_name\" content=\"Fisioterapia para la mujer\" \/>\n<meta property=\"article:modified_time\" content=\"2024-11-11T20:09:04+00:00\" \/>\n<meta property=\"og:image\" content=\"https:\/\/fisioparalamujer.com\/wp-content\/uploads\/2024\/07\/landing-1.jpg\" \/>\n\t<meta property=\"og:image:width\" content=\"850\" \/>\n\t<meta property=\"og:image:height\" content=\"600\" \/>\n\t<meta property=\"og:image:type\" content=\"image\/jpeg\" \/>\n<meta name=\"twitter:card\" content=\"summary_large_image\" \/>\n<meta name=\"twitter:label1\" content=\"Est. reading time\" \/>\n\t<meta name=\"twitter:data1\" content=\"1 minute\" \/>\n<script type=\"application\/ld+json\" class=\"yoast-schema-graph\">{\"@context\":\"https:\/\/schema.org\",\"@graph\":[{\"@type\":\"WebPage\",\"@id\":\"https:\/\/fisioparalamujer.com\/producto\/que-no-te-muevan-el-piso\/\",\"url\":\"https:\/\/fisioparalamujer.com\/producto\/que-no-te-muevan-el-piso\/\",\"name\":\"Taller online \\\"Que no te muevan el piso\\\" - Fisioterapia para la mujer\",\"isPartOf\":{\"@id\":\"https:\/\/fisioparalamujer.com\/#website\"},\"primaryImageOfPage\":{\"@id\":\"https:\/\/fisioparalamujer.com\/producto\/que-no-te-muevan-el-piso\/#primaryimage\"},\"image\":{\"@id\":\"https:\/\/fisioparalamujer.com\/producto\/que-no-te-muevan-el-piso\/#primaryimage\"},\"thumbnailUrl\":\"https:\/\/fisioparalamujer.com\/wp-content\/uploads\/2024\/07\/landing-1.jpg\",\"datePublished\":\"2024-11-11T19:51:55+00:00\",\"dateModified\":\"2024-11-11T20:09:04+00:00\",\"breadcrumb\":{\"@id\":\"https:\/\/fisioparalamujer.com\/producto\/que-no-te-muevan-el-piso\/#breadcrumb\"},\"inLanguage\":\"en-US\",\"potentialAction\":[{\"@type\":\"ReadAction\",\"target\":[\"https:\/\/fisioparalamujer.com\/producto\/que-no-te-muevan-el-piso\/\"]}]},{\"@type\":\"ImageObject\",\"inLanguage\":\"en-US\",\"@id\":\"https:\/\/fisioparalamujer.com\/producto\/que-no-te-muevan-el-piso\/#primaryimage\",\"url\":\"https:\/\/fisioparalamujer.com\/wp-content\/uploads\/2024\/07\/landing-1.jpg\",\"contentUrl\":\"https:\/\/fisioparalamujer.com\/wp-content\/uploads\/2024\/07\/landing-1.jpg\",\"width\":850,\"height\":600},{\"@type\":\"BreadcrumbList\",\"@id\":\"https:\/\/fisioparalamujer.com\/producto\/que-no-te-muevan-el-piso\/#breadcrumb\",\"itemListElement\":[{\"@type\":\"ListItem\",\"position\":1,\"name\":\"Portada\",\"item\":\"https:\/\/fisioparalamujer.com\/\"},{\"@type\":\"ListItem\",\"position\":2,\"name\":\"Tienda\",\"item\":\"https:\/\/fisioparalamujer.com\/tienda\/\"},{\"@type\":\"ListItem\",\"position\":3,\"name\":\"Taller online &#8220;Que no te muevan el piso&#8221;\"}]},{\"@type\":\"WebSite\",\"@id\":\"https:\/\/fisioparalamujer.com\/#website\",\"url\":\"https:\/\/fisioparalamujer.com\/\",\"name\":\"Fisioterapia para la mujer\",\"description\":\"Fisioterapia para la mujer\",\"publisher\":{\"@id\":\"https:\/\/fisioparalamujer.com\/#organization\"},\"potentialAction\":[{\"@type\":\"SearchAction\",\"target\":{\"@type\":\"EntryPoint\",\"urlTemplate\":\"https:\/\/fisioparalamujer.com\/?s={search_term_string}\"},\"query-input\":{\"@type\":\"PropertyValueSpecification\",\"valueRequired\":true,\"valueName\":\"search_term_string\"}}],\"inLanguage\":\"en-US\"},{\"@type\":\"Organization\",\"@id\":\"https:\/\/fisioparalamujer.com\/#organization\",\"name\":\"Fisioterapia para la mujer\",\"url\":\"https:\/\/fisioparalamujer.com\/\",\"logo\":{\"@type\":\"ImageObject\",\"inLanguage\":\"en-US\",\"@id\":\"https:\/\/fisioparalamujer.com\/#\/schema\/logo\/image\/\",\"url\":\"https:\/\/fisioparalamujer.com\/wp-content\/uploads\/2021\/01\/pagina-web-pequeno.jpg\",\"contentUrl\":\"https:\/\/fisioparalamujer.com\/wp-content\/uploads\/2021\/01\/pagina-web-pequeno.jpg\",\"width\":350,\"height\":100,\"caption\":\"Fisioterapia para la mujer\"},\"image\":{\"@id\":\"https:\/\/fisioparalamujer.com\/#\/schema\/logo\/image\/\"}}]}<\/script>\n<!-- \/ Yoast SEO Premium plugin. -->","yoast_head_json":{"title":"Taller online \"Que no te muevan el piso\" - Fisioterapia para la mujer","robots":{"index":"index","follow":"follow","max-snippet":"max-snippet:-1","max-image-preview":"max-image-preview:large","max-video-preview":"max-video-preview:-1"},"canonical":"https:\/\/fisioparalamujer.com\/en\/product\/que-no-te-muevan-el-piso\/","og_locale":"en_US","og_type":"article","og_title":"Taller online \"Que no te muevan el piso\"","og_description":"Detalles del Taller:   Modalidad: Online, en vivo  Fecha: S\u00e1bado 7 y domingo 8 de diciembre  Duraci\u00f3n: Dos sesiones completas (5 horas aprox. en Total)  Material: PDF de ejercicios y pr\u00e1cticas, acceso a la grabaci\u00f3n por 1 a\u00f1o    Beneficios:   Aprende a contraer y relajar la musculatura del piso p\u00e9lvico.  Aprende a llegar al entrenamiento de impacto de manera progresiva y segura.  Aplica en cada esfuerzo de la vida diaria o entrenamiento.  Mejora de tu vida sexual.","og_url":"https:\/\/fisioparalamujer.com\/en\/product\/que-no-te-muevan-el-piso\/","og_site_name":"Fisioterapia para la mujer","article_modified_time":"2024-11-11T20:09:04+00:00","og_image":[{"width":850,"height":600,"url":"https:\/\/fisioparalamujer.com\/wp-content\/uploads\/2024\/07\/landing-1.jpg","type":"image\/jpeg"}],"twitter_card":"summary_large_image","twitter_misc":{"Est. reading time":"1 minute"},"schema":{"@context":"https:\/\/schema.org","@graph":[{"@type":"WebPage","@id":"https:\/\/fisioparalamujer.com\/producto\/que-no-te-muevan-el-piso\/","url":"https:\/\/fisioparalamujer.com\/producto\/que-no-te-muevan-el-piso\/","name":"Taller online \"Que no te muevan el piso\" - Fisioterapia para la mujer","isPartOf":{"@id":"https:\/\/fisioparalamujer.com\/#website"},"primaryImageOfPage":{"@id":"https:\/\/fisioparalamujer.com\/producto\/que-no-te-muevan-el-piso\/#primaryimage"},"image":{"@id":"https:\/\/fisioparalamujer.com\/producto\/que-no-te-muevan-el-piso\/#primaryimage"},"thumbnailUrl":"https:\/\/fisioparalamujer.com\/wp-content\/uploads\/2024\/07\/landing-1.jpg","datePublished":"2024-11-11T19:51:55+00:00","dateModified":"2024-11-11T20:09:04+00:00","breadcrumb":{"@id":"https:\/\/fisioparalamujer.com\/producto\/que-no-te-muevan-el-piso\/#breadcrumb"},"inLanguage":"en-US","potentialAction":[{"@type":"ReadAction","target":["https:\/\/fisioparalamujer.com\/producto\/que-no-te-muevan-el-piso\/"]}]},{"@type":"ImageObject","inLanguage":"en-US","@id":"https:\/\/fisioparalamujer.com\/producto\/que-no-te-muevan-el-piso\/#primaryimage","url":"https:\/\/fisioparalamujer.com\/wp-content\/uploads\/2024\/07\/landing-1.jpg","contentUrl":"https:\/\/fisioparalamujer.com\/wp-content\/uploads\/2024\/07\/landing-1.jpg","width":850,"height":600},{"@type":"BreadcrumbList","@id":"https:\/\/fisioparalamujer.com\/producto\/que-no-te-muevan-el-piso\/#breadcrumb","itemListElement":[{"@type":"ListItem","position":1,"name":"Portada","item":"https:\/\/fisioparalamujer.com\/"},{"@type":"ListItem","position":2,"name":"Tienda","item":"https:\/\/fisioparalamujer.com\/tienda\/"},{"@type":"ListItem","position":3,"name":"Taller online &#8220;Que no te muevan el piso&#8221;"}]},{"@type":"WebSite","@id":"https:\/\/fisioparalamujer.com\/#website","url":"https:\/\/fisioparalamujer.com\/","name":"Fisioterapia para la mujer","description":"Fisioterapia para la mujer","publisher":{"@id":"https:\/\/fisioparalamujer.com\/#organization"},"potentialAction":[{"@type":"SearchAction","target":{"@type":"EntryPoint","urlTemplate":"https:\/\/fisioparalamujer.com\/?s={search_term_string}"},"query-input":{"@type":"PropertyValueSpecification","valueRequired":true,"valueName":"search_term_string"}}],"inLanguage":"en-US"},{"@type":"Organization","@id":"https:\/\/fisioparalamujer.com\/#organization","name":"Fisioterapia para la mujer","url":"https:\/\/fisioparalamujer.com\/","logo":{"@type":"ImageObject","inLanguage":"en-US","@id":"https:\/\/fisioparalamujer.com\/#\/schema\/logo\/image\/","url":"https:\/\/fisioparalamujer.com\/wp-content\/uploads\/2021\/01\/pagina-web-pequeno.jpg","contentUrl":"https:\/\/fisioparalamujer.com\/wp-content\/uploads\/2021\/01\/pagina-web-pequeno.jpg","width":350,"height":100,"caption":"Fisioterapia para la mujer"},"image":{"@id":"https:\/\/fisioparalamujer.com\/#\/schema\/logo\/image\/"}}]}},"_links":{"self":[{"href":"https:\/\/fisioparalamujer.com\/en\/wp-json\/wp\/v2\/product\/3542","targetHints":{"allow":["GET"]}}],"collection":[{"href":"https:\/\/fisioparalamujer.com\/en\/wp-json\/wp\/v2\/product"}],"about":[{"href":"https:\/\/fisioparalamujer.com\/en\/wp-json\/wp\/v2\/types\/product"}],"replies":[{"embeddable":true,"href":"https:\/\/fisioparalamujer.com\/en\/wp-json\/wp\/v2\/comments?post=3542"}],"wp:featuredmedia":[{"embeddable":true,"href":"https:\/\/fisioparalamujer.com\/en\/wp-json\/wp\/v2\/media\/3032"}],"wp:attachment":[{"href":"https:\/\/fisioparalamujer.com\/en\/wp-json\/wp\/v2\/media?parent=3542"}],"wp:term":[{"taxonomy":"product_cat","embeddable":true,"href":"https:\/\/fisioparalamujer.com\/en\/wp-json\/wp\/v2\/product_cat?post=3542"},{"taxonomy":"product_tag","embeddable":true,"href":"https:\/\/fisioparalamujer.com\/en\/wp-json\/wp\/v2\/product_tag?post=3542"}],"curies":[{"name":"wp","href":"https:\/\/api.w.org\/{rel}","templated":true}]}}