{"id":1202,"date":"2021-11-27T18:38:29","date_gmt":"2021-11-27T23:38:29","guid":{"rendered":"https:\/\/fisiofem.me\/?post_type=product&#038;p=1202"},"modified":"2023-03-27T18:28:38","modified_gmt":"2023-03-27T17:28:38","slug":"sonda-intracavitaria","status":"publish","type":"product","link":"https:\/\/fisioparalamujer.com\/en\/product\/sonda-intracavitaria\/","title":{"rendered":"Sonda intracavitaria con puntero"},"content":{"rendered":"<ul class=\"a-unordered-list a-vertical a-spacing-mini\">\n<li><span class=\"a-list-item\">Sonda intracavitaria apta tambi\u00e9n para pacientes con prolapso, puede ser conectada a un dispositivo EMS o TENS para operar. Y con su Puntero de biorretroalimentaci\u00f3n pueden realizarse los ejercicios de piso p\u00e9lvico sin la m\u00e1quina EMS; o tambi\u00e9n puede ser usada en terapia con el EMS.<\/span><\/li>\n<\/ul>","protected":false},"excerpt":{"rendered":"<p>Sonda intracavitaria con puntero<\/p>","protected":false},"featured_media":2572,"comment_status":"open","ping_status":"closed","template":"","meta":[],"product_cat":[47],"product_tag":[],"class_list":{"0":"post-1202","1":"product","2":"type-product","3":"status-publish","4":"has-post-thumbnail","6":"product_cat-terapia","8":"first","9":"instock","10":"shipping-taxable","11":"purchasable","12":"product-type-simple"},"yoast_head":"<!-- This site is optimized with the Yoast SEO Premium plugin v18.5 (Yoast SEO v23.6) - https:\/\/yoast.com\/wordpress\/plugins\/seo\/ -->\n<title>Sonda intracavitaria con puntero - Fisioterapia para la mujer<\/title>\n<meta name=\"robots\" content=\"index, follow, max-snippet:-1, max-image-preview:large, max-video-preview:-1\" \/>\n<link rel=\"canonical\" href=\"https:\/\/fisioparalamujer.com\/en\/product\/sonda-intracavitaria\/\" \/>\n<meta property=\"og:locale\" content=\"en_US\" \/>\n<meta property=\"og:type\" content=\"article\" \/>\n<meta property=\"og:title\" content=\"Sonda intracavitaria con puntero\" \/>\n<meta property=\"og:description\" content=\"Sonda intracavitaria con puntero\" \/>\n<meta property=\"og:url\" content=\"https:\/\/fisioparalamujer.com\/en\/product\/sonda-intracavitaria\/\" \/>\n<meta property=\"og:site_name\" content=\"Fisioterapia para la mujer\" \/>\n<meta property=\"article:modified_time\" content=\"2023-03-27T17:28:38+00:00\" \/>\n<meta property=\"og:image\" content=\"https:\/\/fisioparalamujer.com\/wp-content\/uploads\/2021\/11\/sonda.png\" \/>\n\t<meta property=\"og:image:width\" content=\"600\" \/>\n\t<meta property=\"og:image:height\" content=\"616\" \/>\n\t<meta property=\"og:image:type\" content=\"image\/png\" \/>\n<meta name=\"twitter:card\" content=\"summary_large_image\" \/>\n<meta name=\"twitter:label1\" content=\"Est. reading time\" \/>\n\t<meta name=\"twitter:data1\" content=\"1 minute\" \/>\n<script type=\"application\/ld+json\" class=\"yoast-schema-graph\">{\"@context\":\"https:\/\/schema.org\",\"@graph\":[{\"@type\":\"WebPage\",\"@id\":\"https:\/\/fisioparalamujer.com\/producto\/sonda-intracavitaria\/\",\"url\":\"https:\/\/fisioparalamujer.com\/producto\/sonda-intracavitaria\/\",\"name\":\"Sonda intracavitaria con puntero - Fisioterapia para la mujer\",\"isPartOf\":{\"@id\":\"https:\/\/fisioparalamujer.com\/#website\"},\"primaryImageOfPage\":{\"@id\":\"https:\/\/fisioparalamujer.com\/producto\/sonda-intracavitaria\/#primaryimage\"},\"image\":{\"@id\":\"https:\/\/fisioparalamujer.com\/producto\/sonda-intracavitaria\/#primaryimage\"},\"thumbnailUrl\":\"https:\/\/fisioparalamujer.com\/wp-content\/uploads\/2021\/11\/sonda.png\",\"datePublished\":\"2021-11-27T23:38:29+00:00\",\"dateModified\":\"2023-03-27T17:28:38+00:00\",\"breadcrumb\":{\"@id\":\"https:\/\/fisioparalamujer.com\/producto\/sonda-intracavitaria\/#breadcrumb\"},\"inLanguage\":\"en-US\",\"potentialAction\":[{\"@type\":\"ReadAction\",\"target\":[\"https:\/\/fisioparalamujer.com\/producto\/sonda-intracavitaria\/\"]}]},{\"@type\":\"ImageObject\",\"inLanguage\":\"en-US\",\"@id\":\"https:\/\/fisioparalamujer.com\/producto\/sonda-intracavitaria\/#primaryimage\",\"url\":\"https:\/\/fisioparalamujer.com\/wp-content\/uploads\/2021\/11\/sonda.png\",\"contentUrl\":\"https:\/\/fisioparalamujer.com\/wp-content\/uploads\/2021\/11\/sonda.png\",\"width\":600,\"height\":616},{\"@type\":\"BreadcrumbList\",\"@id\":\"https:\/\/fisioparalamujer.com\/producto\/sonda-intracavitaria\/#breadcrumb\",\"itemListElement\":[{\"@type\":\"ListItem\",\"position\":1,\"name\":\"Portada\",\"item\":\"https:\/\/fisioparalamujer.com\/\"},{\"@type\":\"ListItem\",\"position\":2,\"name\":\"Tienda\",\"item\":\"https:\/\/fisioparalamujer.com\/tienda\/\"},{\"@type\":\"ListItem\",\"position\":3,\"name\":\"Sonda intracavitaria con puntero\"}]},{\"@type\":\"WebSite\",\"@id\":\"https:\/\/fisioparalamujer.com\/#website\",\"url\":\"https:\/\/fisioparalamujer.com\/\",\"name\":\"Fisioterapia para la mujer\",\"description\":\"Fisioterapia para la mujer\",\"publisher\":{\"@id\":\"https:\/\/fisioparalamujer.com\/#organization\"},\"potentialAction\":[{\"@type\":\"SearchAction\",\"target\":{\"@type\":\"EntryPoint\",\"urlTemplate\":\"https:\/\/fisioparalamujer.com\/?s={search_term_string}\"},\"query-input\":{\"@type\":\"PropertyValueSpecification\",\"valueRequired\":true,\"valueName\":\"search_term_string\"}}],\"inLanguage\":\"en-US\"},{\"@type\":\"Organization\",\"@id\":\"https:\/\/fisioparalamujer.com\/#organization\",\"name\":\"Fisioterapia para la mujer\",\"url\":\"https:\/\/fisioparalamujer.com\/\",\"logo\":{\"@type\":\"ImageObject\",\"inLanguage\":\"en-US\",\"@id\":\"https:\/\/fisioparalamujer.com\/#\/schema\/logo\/image\/\",\"url\":\"https:\/\/fisioparalamujer.com\/wp-content\/uploads\/2021\/01\/pagina-web-pequeno.jpg\",\"contentUrl\":\"https:\/\/fisioparalamujer.com\/wp-content\/uploads\/2021\/01\/pagina-web-pequeno.jpg\",\"width\":350,\"height\":100,\"caption\":\"Fisioterapia para la mujer\"},\"image\":{\"@id\":\"https:\/\/fisioparalamujer.com\/#\/schema\/logo\/image\/\"}}]}<\/script>\n<!-- \/ Yoast SEO Premium plugin. -->","yoast_head_json":{"title":"Sonda intracavitaria con puntero - Fisioterapia para la mujer","robots":{"index":"index","follow":"follow","max-snippet":"max-snippet:-1","max-image-preview":"max-image-preview:large","max-video-preview":"max-video-preview:-1"},"canonical":"https:\/\/fisioparalamujer.com\/en\/product\/sonda-intracavitaria\/","og_locale":"en_US","og_type":"article","og_title":"Sonda intracavitaria con puntero","og_description":"Sonda intracavitaria con puntero","og_url":"https:\/\/fisioparalamujer.com\/en\/product\/sonda-intracavitaria\/","og_site_name":"Fisioterapia para la mujer","article_modified_time":"2023-03-27T17:28:38+00:00","og_image":[{"width":600,"height":616,"url":"https:\/\/fisioparalamujer.com\/wp-content\/uploads\/2021\/11\/sonda.png","type":"image\/png"}],"twitter_card":"summary_large_image","twitter_misc":{"Est. reading time":"1 minute"},"schema":{"@context":"https:\/\/schema.org","@graph":[{"@type":"WebPage","@id":"https:\/\/fisioparalamujer.com\/producto\/sonda-intracavitaria\/","url":"https:\/\/fisioparalamujer.com\/producto\/sonda-intracavitaria\/","name":"Sonda intracavitaria con puntero - Fisioterapia para la mujer","isPartOf":{"@id":"https:\/\/fisioparalamujer.com\/#website"},"primaryImageOfPage":{"@id":"https:\/\/fisioparalamujer.com\/producto\/sonda-intracavitaria\/#primaryimage"},"image":{"@id":"https:\/\/fisioparalamujer.com\/producto\/sonda-intracavitaria\/#primaryimage"},"thumbnailUrl":"https:\/\/fisioparalamujer.com\/wp-content\/uploads\/2021\/11\/sonda.png","datePublished":"2021-11-27T23:38:29+00:00","dateModified":"2023-03-27T17:28:38+00:00","breadcrumb":{"@id":"https:\/\/fisioparalamujer.com\/producto\/sonda-intracavitaria\/#breadcrumb"},"inLanguage":"en-US","potentialAction":[{"@type":"ReadAction","target":["https:\/\/fisioparalamujer.com\/producto\/sonda-intracavitaria\/"]}]},{"@type":"ImageObject","inLanguage":"en-US","@id":"https:\/\/fisioparalamujer.com\/producto\/sonda-intracavitaria\/#primaryimage","url":"https:\/\/fisioparalamujer.com\/wp-content\/uploads\/2021\/11\/sonda.png","contentUrl":"https:\/\/fisioparalamujer.com\/wp-content\/uploads\/2021\/11\/sonda.png","width":600,"height":616},{"@type":"BreadcrumbList","@id":"https:\/\/fisioparalamujer.com\/producto\/sonda-intracavitaria\/#breadcrumb","itemListElement":[{"@type":"ListItem","position":1,"name":"Portada","item":"https:\/\/fisioparalamujer.com\/"},{"@type":"ListItem","position":2,"name":"Tienda","item":"https:\/\/fisioparalamujer.com\/tienda\/"},{"@type":"ListItem","position":3,"name":"Sonda intracavitaria con puntero"}]},{"@type":"WebSite","@id":"https:\/\/fisioparalamujer.com\/#website","url":"https:\/\/fisioparalamujer.com\/","name":"Fisioterapia para la mujer","description":"Fisioterapia para la mujer","publisher":{"@id":"https:\/\/fisioparalamujer.com\/#organization"},"potentialAction":[{"@type":"SearchAction","target":{"@type":"EntryPoint","urlTemplate":"https:\/\/fisioparalamujer.com\/?s={search_term_string}"},"query-input":{"@type":"PropertyValueSpecification","valueRequired":true,"valueName":"search_term_string"}}],"inLanguage":"en-US"},{"@type":"Organization","@id":"https:\/\/fisioparalamujer.com\/#organization","name":"Fisioterapia para la mujer","url":"https:\/\/fisioparalamujer.com\/","logo":{"@type":"ImageObject","inLanguage":"en-US","@id":"https:\/\/fisioparalamujer.com\/#\/schema\/logo\/image\/","url":"https:\/\/fisioparalamujer.com\/wp-content\/uploads\/2021\/01\/pagina-web-pequeno.jpg","contentUrl":"https:\/\/fisioparalamujer.com\/wp-content\/uploads\/2021\/01\/pagina-web-pequeno.jpg","width":350,"height":100,"caption":"Fisioterapia para la mujer"},"image":{"@id":"https:\/\/fisioparalamujer.com\/#\/schema\/logo\/image\/"}}]}},"_links":{"self":[{"href":"https:\/\/fisioparalamujer.com\/en\/wp-json\/wp\/v2\/product\/1202","targetHints":{"allow":["GET"]}}],"collection":[{"href":"https:\/\/fisioparalamujer.com\/en\/wp-json\/wp\/v2\/product"}],"about":[{"href":"https:\/\/fisioparalamujer.com\/en\/wp-json\/wp\/v2\/types\/product"}],"replies":[{"embeddable":true,"href":"https:\/\/fisioparalamujer.com\/en\/wp-json\/wp\/v2\/comments?post=1202"}],"wp:featuredmedia":[{"embeddable":true,"href":"https:\/\/fisioparalamujer.com\/en\/wp-json\/wp\/v2\/media\/2572"}],"wp:attachment":[{"href":"https:\/\/fisioparalamujer.com\/en\/wp-json\/wp\/v2\/media?parent=1202"}],"wp:term":[{"taxonomy":"product_cat","embeddable":true,"href":"https:\/\/fisioparalamujer.com\/en\/wp-json\/wp\/v2\/product_cat?post=1202"},{"taxonomy":"product_tag","embeddable":true,"href":"https:\/\/fisioparalamujer.com\/en\/wp-json\/wp\/v2\/product_tag?post=1202"}],"curies":[{"name":"wp","href":"https:\/\/api.w.org\/{rel}","templated":true}]}}