{"id":3317,"date":"2024-09-09T15:52:50","date_gmt":"2024-09-09T14:52:50","guid":{"rendered":"https:\/\/fisiofem.me\/?page_id=3317"},"modified":"2024-09-09T17:03:16","modified_gmt":"2024-09-09T16:03:16","slug":"gracias","status":"publish","type":"page","link":"https:\/\/fisioparalamujer.com\/en\/gracias\/","title":{"rendered":"Gracias"},"content":{"rendered":"<div data-elementor-type=\"wp-page\" data-elementor-id=\"3317\" class=\"elementor elementor-3317\" data-elementor-settings=\"[]\">\n\t\t\t\t\t\t\t<div class=\"elementor-section-wrap\">\n\t\t\t\t\t\t\t<section class=\"penci-section penci-disSticky penci-structure-10 elementor-section elementor-top-section elementor-element elementor-element-91a296b elementor-section-boxed elementor-section-height-default elementor-section-height-default\" data-id=\"91a296b\" data-element_type=\"section\">\n\t\t\t\t\t\t<div class=\"elementor-container elementor-column-gap-default\">\n\t\t\t\t\t<div class=\"penci-ercol-100 penci-ercol-order-1 penci-sticky-ct  elementor-column elementor-col-100 elementor-top-column elementor-element elementor-element-70dba64\" data-id=\"70dba64\" data-element_type=\"column\">\n\t\t\t<div class=\"elementor-widget-wrap elementor-element-populated\">\n\t\t\t\t\t\t\t\t<section class=\"penci-section penci-disSticky penci-structure-20 elementor-section elementor-inner-section elementor-element elementor-element-120db7e elementor-section-boxed elementor-section-height-default elementor-section-height-default\" data-id=\"120db7e\" data-element_type=\"section\">\n\t\t\t\t\t\t<div class=\"elementor-container elementor-column-gap-default\">\n\t\t\t\t\t<div class=\"penci-ercol-50 penci-ercol-order-1 penci-sticky-ct  elementor-column elementor-col-50 elementor-inner-column elementor-element elementor-element-008320c\" data-id=\"008320c\" data-element_type=\"column\">\n\t\t\t<div class=\"elementor-widget-wrap elementor-element-populated\">\n\t\t\t\t\t\t\t\t<div class=\"elementor-element elementor-element-1dd0294 elementor-widget elementor-widget-heading\" data-id=\"1dd0294\" data-element_type=\"widget\" data-widget_type=\"heading.default\">\n\t\t\t\t<div class=\"elementor-widget-container\">\n\t\t\t<h2 class=\"elementor-heading-title elementor-size-default\">\u00a1Gracias por confiar en nosotros!<\/h2>\t\t<\/div>\n\t\t\t\t<\/div>\n\t\t\t\t<div class=\"elementor-element elementor-element-df1b656 elementor-widget elementor-widget-heading\" data-id=\"df1b656\" data-element_type=\"widget\" data-widget_type=\"heading.default\">\n\t\t\t\t<div class=\"elementor-widget-container\">\n\t\t\t<h2 class=\"elementor-heading-title elementor-size-default\">\ud83c\udf89 \u00a1Tu gu\u00eda gratuita ya est\u00e1 lista para ser descargada!<\/h2>\t\t<\/div>\n\t\t\t\t<\/div>\n\t\t\t\t<div class=\"elementor-element elementor-element-bbb3ef5 elementor-widget elementor-widget-text-editor\" data-id=\"bbb3ef5\" data-element_type=\"widget\" data-widget_type=\"text-editor.default\">\n\t\t\t\t<div class=\"elementor-widget-container\">\n\t\t\t\t\t\t\t\t<p>Queremos agradecerte por tomarte el tiempo de descargar nuestra <strong>Gu\u00eda Completa de Piso P\u00e9lvico para Mujeres<\/strong>. Estamos seguros de que encontrar\u00e1s informaci\u00f3n valiosa para mejorar tu bienestar y fortalecer tu salud.<\/p>\t\t\t\t\t\t<\/div>\n\t\t\t\t<\/div>\n\t\t\t\t<div class=\"elementor-element elementor-element-cac9292 elementor-align-center elementor-widget elementor-widget-button\" data-id=\"cac9292\" data-element_type=\"widget\" data-widget_type=\"button.default\">\n\t\t\t\t<div class=\"elementor-widget-container\">\n\t\t\t\t\t<div class=\"elementor-button-wrapper\">\n\t\t\t<a href=\"https:\/\/drive.google.com\/file\/d\/1TQ1a-5vDr14N-0CBdc5fPigNt4DgPtFq\/view?usp=drive_link\" class=\"elementor-button-link elementor-button elementor-size-lg\" role=\"button\">\n\t\t\t\t\t\t<span class=\"elementor-button-content-wrapper\">\n\t\t\t\t\t\t<span class=\"elementor-button-text\">Descargar Gu\u00eda<\/span>\n\t\t<\/span>\n\t\t\t\t\t<\/a>\n\t\t<\/div>\n\t\t\t\t<\/div>\n\t\t\t\t<\/div>\n\t\t\t\t\t<\/div>\n\t\t<\/div>\n\t\t\t\t<div class=\"penci-ercol-50 penci-ercol-order-2 penci-sticky-ct  elementor-column elementor-col-50 elementor-inner-column elementor-element elementor-element-504b548\" data-id=\"504b548\" data-element_type=\"column\">\n\t\t\t<div class=\"elementor-widget-wrap elementor-element-populated\">\n\t\t\t\t\t\t\t\t<div class=\"elementor-element elementor-element-7f1db9f elementor-widget elementor-widget-image\" data-id=\"7f1db9f\" data-element_type=\"widget\" data-widget_type=\"image.default\">\n\t\t\t\t<div class=\"elementor-widget-container\">\n\t\t\t\t\t\t\t\t\t\t\t\t\t\t\t<img loading=\"lazy\" decoding=\"async\" width=\"850\" height=\"600\" src=\"https:\/\/fisioparalamujer.com\/wp-content\/uploads\/2024\/09\/piso-pelvico.jpg\" class=\"attachment-large size-large\" alt=\"\" srcset=\"https:\/\/fisioparalamujer.com\/wp-content\/uploads\/2024\/09\/piso-pelvico.jpg 850w, https:\/\/fisioparalamujer.com\/wp-content\/uploads\/2024\/09\/piso-pelvico-300x212.jpg 300w, https:\/\/fisioparalamujer.com\/wp-content\/uploads\/2024\/09\/piso-pelvico-768x542.jpg 768w, https:\/\/fisioparalamujer.com\/wp-content\/uploads\/2024\/09\/piso-pelvico-18x12.jpg 18w, https:\/\/fisioparalamujer.com\/wp-content\/uploads\/2024\/09\/piso-pelvico-585x413.jpg 585w, https:\/\/fisioparalamujer.com\/wp-content\/uploads\/2024\/09\/piso-pelvico-600x424.jpg 600w\" sizes=\"auto, (max-width: 850px) 100vw, 850px\" \/>\t\t\t\t\t\t\t\t\t\t\t\t\t\t\t<\/div>\n\t\t\t\t<\/div>\n\t\t\t\t\t<\/div>\n\t\t<\/div>\n\t\t\t\t\t\t\t<\/div>\n\t\t<\/section>\n\t\t\t\t\t<\/div>\n\t\t<\/div>\n\t\t\t\t\t\t\t<\/div>\n\t\t<\/section>\n\t\t\t\t<section class=\"penci-section penci-disSticky penci-structure-10 elementor-section elementor-top-section elementor-element elementor-element-670c86f elementor-section-boxed elementor-section-height-default elementor-section-height-default\" data-id=\"670c86f\" data-element_type=\"section\">\n\t\t\t\t\t\t<div class=\"elementor-container elementor-column-gap-default\">\n\t\t\t\t\t<div class=\"penci-ercol-100 penci-ercol-order-1 penci-sticky-ct  elementor-column elementor-col-100 elementor-top-column elementor-element elementor-element-1dfa0da\" data-id=\"1dfa0da\" data-element_type=\"column\">\n\t\t\t<div class=\"elementor-widget-wrap elementor-element-populated\">\n\t\t\t\t\t\t\t\t<div class=\"elementor-element elementor-element-8594f24 elementor-cta--skin-cover elementor-animated-content elementor-bg-transform elementor-bg-transform-zoom-in elementor-widget elementor-widget-call-to-action\" data-id=\"8594f24\" data-element_type=\"widget\" data-widget_type=\"call-to-action.default\">\n\t\t\t\t<div class=\"elementor-widget-container\">\n\t\t\t\t\t<div  class=\"elementor-cta\">\n\t\t\t\t\t<div class=\"elementor-cta__bg-wrapper\">\n\t\t\t\t<div class=\"elementor-cta__bg elementor-bg\" style=\"background-image: url(https:\/\/fisioparalamujer.com\/wp-content\/uploads\/2024\/07\/imagenes-blog-variadas-1.jpg);\"><\/div>\n\t\t\t\t<div class=\"elementor-cta__bg-overlay\"><\/div>\n\t\t\t<\/div>\n\t\t\t\t\t\t\t<div class=\"elementor-cta__content\">\n\t\t\t\t\n\t\t\t\t\t\t\t\t\t<h2 class=\"elementor-cta__title elementor-cta__content-item elementor-content-item elementor-animated-item--grow\">\n\t\t\t\t\t\t\u00bfTienes preguntas?\t\t\t\t\t<\/h2>\n\t\t\t\t\n\t\t\t\t\t\t\t\t\t<div class=\"elementor-cta__description elementor-cta__content-item elementor-content-item elementor-animated-item--grow\">\n\t\t\t\t\t\tNo dudes en ponerte en contacto con nosotras. <\/br>\nEstaremos encantadas de ayudarte en tu proceso de fortalecimiento del piso p\u00e9lvico.<\/br><\/br>\n\n\ud83d\udce7 Escr\u00edbenos a: info@fisioparalamujer.com<\/br>\n\ud83d\udcf1 S\u00edguenos en Instagram: @fisioterapiaparalamujer<\/br>\n\t\t\t\t\t<\/div>\n\t\t\t\t\n\t\t\t\t\t\t\t\t\t<div class=\"elementor-cta__button-wrapper elementor-cta__content-item elementor-content-item elementor-animated-item--grow\">\n\t\t\t\t\t<a class=\"elementor-cta__button elementor-button elementor-size-md\" href=\"https:\/\/drive.google.com\/file\/d\/1TQ1a-5vDr14N-0CBdc5fPigNt4DgPtFq\/view?usp=drive_link\">\n\t\t\t\t\t\tDescargar Gu\u00eda\t\t\t\t\t<\/a>\n\t\t\t\t\t<\/div>\n\t\t\t\t\t\t\t<\/div>\n\t\t\t\t\t\t<\/div>\n\t\t\t\t<\/div>\n\t\t\t\t<\/div>\n\t\t\t\t\t<\/div>\n\t\t<\/div>\n\t\t\t\t\t\t\t<\/div>\n\t\t<\/section>\n\t\t\t\t\t\t<\/div>\n\t\t\t\t\t<\/div>","protected":false},"excerpt":{"rendered":"<p>\u00a1Gracias por confiar en nosotros! \ud83c\udf89 \u00a1Tu gu\u00eda gratuita ya est\u00e1 lista para ser descargada! Queremos agradecerte por tomarte el tiempo de descargar nuestra Gu\u00eda Completa de Piso P\u00e9lvico para&hellip;<\/p>","protected":false},"author":1,"featured_media":0,"parent":0,"menu_order":0,"comment_status":"closed","ping_status":"closed","template":"elementor_header_footer","meta":{"footnotes":""},"class_list":["post-3317","page","type-page","status-publish","hentry"],"yoast_head":"<!-- This site is optimized with the Yoast SEO Premium plugin v18.5 (Yoast SEO v23.6) - https:\/\/yoast.com\/wordpress\/plugins\/seo\/ -->\n<title>Gracias - Fisioterapia para la mujer<\/title>\n<meta name=\"robots\" content=\"index, follow, max-snippet:-1, max-image-preview:large, max-video-preview:-1\" \/>\n<link rel=\"canonical\" href=\"https:\/\/fisioparalamujer.com\/en\/gracias\/\" \/>\n<meta property=\"og:locale\" content=\"en_US\" \/>\n<meta property=\"og:type\" content=\"article\" \/>\n<meta property=\"og:title\" content=\"Gracias\" \/>\n<meta property=\"og:description\" content=\"\u00a1Gracias por confiar en nosotros! \ud83c\udf89 \u00a1Tu gu\u00eda gratuita ya est\u00e1 lista para ser descargada! Queremos agradecerte por tomarte el tiempo de descargar nuestra Gu\u00eda Completa de Piso P\u00e9lvico para&hellip;\" \/>\n<meta property=\"og:url\" content=\"https:\/\/fisioparalamujer.com\/en\/gracias\/\" \/>\n<meta property=\"og:site_name\" content=\"Fisioterapia para la mujer\" \/>\n<meta property=\"article:modified_time\" content=\"2024-09-09T16:03:16+00:00\" \/>\n<meta property=\"og:image\" content=\"https:\/\/fisioparalamujer.com\/wp-content\/uploads\/2024\/09\/piso-pelvico.jpg\" \/>\n<meta name=\"twitter:card\" content=\"summary_large_image\" \/>\n<meta name=\"twitter:label1\" content=\"Est. reading time\" \/>\n\t<meta name=\"twitter:data1\" content=\"1 minute\" \/>\n<script type=\"application\/ld+json\" class=\"yoast-schema-graph\">{\"@context\":\"https:\/\/schema.org\",\"@graph\":[{\"@type\":\"WebPage\",\"@id\":\"https:\/\/fisioparalamujer.com\/gracias\/\",\"url\":\"https:\/\/fisioparalamujer.com\/gracias\/\",\"name\":\"Gracias - Fisioterapia para la mujer\",\"isPartOf\":{\"@id\":\"https:\/\/fisioparalamujer.com\/#website\"},\"primaryImageOfPage\":{\"@id\":\"https:\/\/fisioparalamujer.com\/gracias\/#primaryimage\"},\"image\":{\"@id\":\"https:\/\/fisioparalamujer.com\/gracias\/#primaryimage\"},\"thumbnailUrl\":\"https:\/\/fisioparalamujer.com\/wp-content\/uploads\/2024\/09\/piso-pelvico.jpg\",\"datePublished\":\"2024-09-09T14:52:50+00:00\",\"dateModified\":\"2024-09-09T16:03:16+00:00\",\"breadcrumb\":{\"@id\":\"https:\/\/fisioparalamujer.com\/gracias\/#breadcrumb\"},\"inLanguage\":\"en-US\",\"potentialAction\":[{\"@type\":\"ReadAction\",\"target\":[\"https:\/\/fisioparalamujer.com\/gracias\/\"]}]},{\"@type\":\"ImageObject\",\"inLanguage\":\"en-US\",\"@id\":\"https:\/\/fisioparalamujer.com\/gracias\/#primaryimage\",\"url\":\"https:\/\/fisioparalamujer.com\/wp-content\/uploads\/2024\/09\/piso-pelvico.jpg\",\"contentUrl\":\"https:\/\/fisioparalamujer.com\/wp-content\/uploads\/2024\/09\/piso-pelvico.jpg\"},{\"@type\":\"BreadcrumbList\",\"@id\":\"https:\/\/fisioparalamujer.com\/gracias\/#breadcrumb\",\"itemListElement\":[{\"@type\":\"ListItem\",\"position\":1,\"name\":\"Portada\",\"item\":\"https:\/\/fisioparalamujer.com\/\"},{\"@type\":\"ListItem\",\"position\":2,\"name\":\"Gracias\"}]},{\"@type\":\"WebSite\",\"@id\":\"https:\/\/fisioparalamujer.com\/#website\",\"url\":\"https:\/\/fisioparalamujer.com\/\",\"name\":\"Fisioterapia para la mujer\",\"description\":\"Fisioterapia para la mujer\",\"publisher\":{\"@id\":\"https:\/\/fisioparalamujer.com\/#organization\"},\"potentialAction\":[{\"@type\":\"SearchAction\",\"target\":{\"@type\":\"EntryPoint\",\"urlTemplate\":\"https:\/\/fisioparalamujer.com\/?s={search_term_string}\"},\"query-input\":{\"@type\":\"PropertyValueSpecification\",\"valueRequired\":true,\"valueName\":\"search_term_string\"}}],\"inLanguage\":\"en-US\"},{\"@type\":\"Organization\",\"@id\":\"https:\/\/fisioparalamujer.com\/#organization\",\"name\":\"Fisioterapia para la mujer\",\"url\":\"https:\/\/fisioparalamujer.com\/\",\"logo\":{\"@type\":\"ImageObject\",\"inLanguage\":\"en-US\",\"@id\":\"https:\/\/fisioparalamujer.com\/#\/schema\/logo\/image\/\",\"url\":\"https:\/\/fisioparalamujer.com\/wp-content\/uploads\/2021\/01\/pagina-web-pequeno.jpg\",\"contentUrl\":\"https:\/\/fisioparalamujer.com\/wp-content\/uploads\/2021\/01\/pagina-web-pequeno.jpg\",\"width\":350,\"height\":100,\"caption\":\"Fisioterapia para la mujer\"},\"image\":{\"@id\":\"https:\/\/fisioparalamujer.com\/#\/schema\/logo\/image\/\"}}]}<\/script>\n<!-- \/ Yoast SEO Premium plugin. -->","yoast_head_json":{"title":"Gracias - Fisioterapia para la mujer","robots":{"index":"index","follow":"follow","max-snippet":"max-snippet:-1","max-image-preview":"max-image-preview:large","max-video-preview":"max-video-preview:-1"},"canonical":"https:\/\/fisioparalamujer.com\/en\/gracias\/","og_locale":"en_US","og_type":"article","og_title":"Gracias","og_description":"\u00a1Gracias por confiar en nosotros! \ud83c\udf89 \u00a1Tu gu\u00eda gratuita ya est\u00e1 lista para ser descargada! Queremos agradecerte por tomarte el tiempo de descargar nuestra Gu\u00eda Completa de Piso P\u00e9lvico para&hellip;","og_url":"https:\/\/fisioparalamujer.com\/en\/gracias\/","og_site_name":"Fisioterapia para la mujer","article_modified_time":"2024-09-09T16:03:16+00:00","og_image":[{"url":"https:\/\/fisioparalamujer.com\/wp-content\/uploads\/2024\/09\/piso-pelvico.jpg"}],"twitter_card":"summary_large_image","twitter_misc":{"Est. reading time":"1 minute"},"schema":{"@context":"https:\/\/schema.org","@graph":[{"@type":"WebPage","@id":"https:\/\/fisioparalamujer.com\/gracias\/","url":"https:\/\/fisioparalamujer.com\/gracias\/","name":"Gracias - Fisioterapia para la mujer","isPartOf":{"@id":"https:\/\/fisioparalamujer.com\/#website"},"primaryImageOfPage":{"@id":"https:\/\/fisioparalamujer.com\/gracias\/#primaryimage"},"image":{"@id":"https:\/\/fisioparalamujer.com\/gracias\/#primaryimage"},"thumbnailUrl":"https:\/\/fisioparalamujer.com\/wp-content\/uploads\/2024\/09\/piso-pelvico.jpg","datePublished":"2024-09-09T14:52:50+00:00","dateModified":"2024-09-09T16:03:16+00:00","breadcrumb":{"@id":"https:\/\/fisioparalamujer.com\/gracias\/#breadcrumb"},"inLanguage":"en-US","potentialAction":[{"@type":"ReadAction","target":["https:\/\/fisioparalamujer.com\/gracias\/"]}]},{"@type":"ImageObject","inLanguage":"en-US","@id":"https:\/\/fisioparalamujer.com\/gracias\/#primaryimage","url":"https:\/\/fisioparalamujer.com\/wp-content\/uploads\/2024\/09\/piso-pelvico.jpg","contentUrl":"https:\/\/fisioparalamujer.com\/wp-content\/uploads\/2024\/09\/piso-pelvico.jpg"},{"@type":"BreadcrumbList","@id":"https:\/\/fisioparalamujer.com\/gracias\/#breadcrumb","itemListElement":[{"@type":"ListItem","position":1,"name":"Portada","item":"https:\/\/fisioparalamujer.com\/"},{"@type":"ListItem","position":2,"name":"Gracias"}]},{"@type":"WebSite","@id":"https:\/\/fisioparalamujer.com\/#website","url":"https:\/\/fisioparalamujer.com\/","name":"Fisioterapia para la mujer","description":"Fisioterapia para la mujer","publisher":{"@id":"https:\/\/fisioparalamujer.com\/#organization"},"potentialAction":[{"@type":"SearchAction","target":{"@type":"EntryPoint","urlTemplate":"https:\/\/fisioparalamujer.com\/?s={search_term_string}"},"query-input":{"@type":"PropertyValueSpecification","valueRequired":true,"valueName":"search_term_string"}}],"inLanguage":"en-US"},{"@type":"Organization","@id":"https:\/\/fisioparalamujer.com\/#organization","name":"Fisioterapia para la mujer","url":"https:\/\/fisioparalamujer.com\/","logo":{"@type":"ImageObject","inLanguage":"en-US","@id":"https:\/\/fisioparalamujer.com\/#\/schema\/logo\/image\/","url":"https:\/\/fisioparalamujer.com\/wp-content\/uploads\/2021\/01\/pagina-web-pequeno.jpg","contentUrl":"https:\/\/fisioparalamujer.com\/wp-content\/uploads\/2021\/01\/pagina-web-pequeno.jpg","width":350,"height":100,"caption":"Fisioterapia para la mujer"},"image":{"@id":"https:\/\/fisioparalamujer.com\/#\/schema\/logo\/image\/"}}]}},"_links":{"self":[{"href":"https:\/\/fisioparalamujer.com\/en\/wp-json\/wp\/v2\/pages\/3317","targetHints":{"allow":["GET"]}}],"collection":[{"href":"https:\/\/fisioparalamujer.com\/en\/wp-json\/wp\/v2\/pages"}],"about":[{"href":"https:\/\/fisioparalamujer.com\/en\/wp-json\/wp\/v2\/types\/page"}],"author":[{"embeddable":true,"href":"https:\/\/fisioparalamujer.com\/en\/wp-json\/wp\/v2\/users\/1"}],"replies":[{"embeddable":true,"href":"https:\/\/fisioparalamujer.com\/en\/wp-json\/wp\/v2\/comments?post=3317"}],"version-history":[{"count":25,"href":"https:\/\/fisioparalamujer.com\/en\/wp-json\/wp\/v2\/pages\/3317\/revisions"}],"predecessor-version":[{"id":3375,"href":"https:\/\/fisioparalamujer.com\/en\/wp-json\/wp\/v2\/pages\/3317\/revisions\/3375"}],"wp:attachment":[{"href":"https:\/\/fisioparalamujer.com\/en\/wp-json\/wp\/v2\/media?parent=3317"}],"curies":[{"name":"wp","href":"https:\/\/api.w.org\/{rel}","templated":true}]}}